{"id":297,"date":"2025-04-17T19:03:55","date_gmt":"2025-04-17T19:03:55","guid":{"rendered":"https:\/\/modernwebsitelabs.com\/?page_id=297"},"modified":"2025-04-30T21:58:16","modified_gmt":"2025-04-30T21:58:16","slug":"privacy-policy-2","status":"publish","type":"page","link":"https:\/\/impetus.homes\/es\/privacy-policy-2\/","title":{"rendered":"POL\u00cdTICA DE PRIVACIDAD"},"content":{"rendered":"<div data-elementor-type=\"wp-page\" data-elementor-id=\"297\" class=\"elementor elementor-297\" data-elementor-post-type=\"page\">\n\t\t\t\t<div class=\"elementor-element elementor-element-68280b4 e-flex e-con-boxed e-con e-parent\" data-id=\"68280b4\" data-element_type=\"container\" data-settings=\"{&quot;background_background&quot;:&quot;classic&quot;}\">\n\t\t\t\t\t<div class=\"e-con-inner\">\n\t\t\t\t<div class=\"elementor-element elementor-element-074a55b elementor-widget elementor-widget-heading\" data-id=\"074a55b\" data-element_type=\"widget\" data-widget_type=\"heading.default\">\n\t\t\t\t<div class=\"elementor-widget-container\">\n\t\t\t\t\t<h2 class=\"elementor-heading-title elementor-size-default\">Vigilamos tu seguridad <\/h2>\t\t\t\t<\/div>\n\t\t\t\t<\/div>\n\t\t\t\t<div class=\"elementor-element elementor-element-aef8638 elementor-widget elementor-widget-text-editor\" data-id=\"aef8638\" data-element_type=\"widget\" data-widget_type=\"text-editor.default\">\n\t\t\t\t<div class=\"elementor-widget-container\">\n\t\t\t\t\t\t\t\t\t<p>Desde nuestras p\u00f3lizas hasta nuestros productos<\/p>\t\t\t\t\t\t\t\t<\/div>\n\t\t\t\t<\/div>\n\t\t\t\t\t<\/div>\n\t\t\t\t<\/div>\n\t\t<div class=\"elementor-element elementor-element-a999b83 e-flex e-con-boxed e-con e-parent\" data-id=\"a999b83\" data-element_type=\"container\">\n\t\t\t\t\t<div class=\"e-con-inner\">\n\t\t\t\t<div class=\"elementor-element elementor-element-87d0d66 elementor-widget elementor-widget-heading\" data-id=\"87d0d66\" data-element_type=\"widget\" data-widget_type=\"heading.default\">\n\t\t\t\t<div class=\"elementor-widget-container\">\n\t\t\t\t\t<h2 class=\"elementor-heading-title elementor-size-default\">POL\u00cdTICA DE PRIVACIDAD<\/h2>\t\t\t\t<\/div>\n\t\t\t\t<\/div>\n\t\t\t\t<div class=\"elementor-element elementor-element-3f44402 elementor-widget elementor-widget-text-editor\" data-id=\"3f44402\" data-element_type=\"widget\" data-widget_type=\"text-editor.default\">\n\t\t\t\t<div class=\"elementor-widget-container\">\n\t\t\t\t\t\t\t\t\t<p class=\"p1\">CALIFORNIA CONSUMER PRIVACY ACT (CCPA)<\/p><p class=\"p1\">IMPETUS MODULAR, LLC PRIVACY POLICY NOTICE<\/p><p class=\"p1\">1 de enero de 2025<\/p><p class=\"p1\"><b>This Privacy Notice Discloses The Privacy Practices For impetus.homes <\/b><\/p><p class=\"p1\"><b>Este Aviso de Privacidad Aplica \u00danicamente a la Informaci\u00f3n Recopilada por impetus.homes <\/b><\/p><p class=\"p1\"><b>Este Aviso de Privacidad le Informa sobre la Recopilaci\u00f3n de su Informaci\u00f3n<\/b><\/p><ul class=\"ul1\"><li class=\"li1\">Qu\u00e9 informaci\u00f3n personal identificable se recopila a trav\u00e9s de impetus.homes, c\u00f3mo se utiliza y con qui\u00e9n se puede compartir<\/li><li class=\"li1\">Qu\u00e9 opciones tiene con respecto al uso de sus datos.<\/li><li class=\"li1\">Los procedimientos de seguridad implementados para proteger su informaci\u00f3n del uso indebido.<\/li><li class=\"li1\">C\u00f3mo puede corregir cualquier inexactitud en la informaci\u00f3n.<\/li><\/ul><p class=\"p1\"><b>Este Aviso de Privacidad le Informa sobre el Uso y el Intercambio de su Informaci\u00f3n<\/b><\/p><ul class=\"ul1\"><li class=\"li1\">IMPETUS MODULAR, LLC es el \u00fanico propietario de la informaci\u00f3n recopilada en este sitio<\/li><li class=\"li1\">IMPETUS MODULAR, LLC solo tendr\u00e1 acceso a la informaci\u00f3n recopilada que usted nos proporcione voluntariamente por correo electr\u00f3nico u otro contacto directo<\/li><li class=\"li1\">IMPETUS MODULAR, LLC no vender\u00e1 ni alquilar\u00e1 esta informaci\u00f3n a nadie.<\/li><li class=\"li1\">IMPETUS MODULAR, LLC utilizar\u00e1 su informaci\u00f3n para responderle sobre el motivo de su contacto<\/li><li class=\"li1\">IMPETUS MODULAR, LLC no compartir\u00e1 su informaci\u00f3n con terceros ajenos a nuestra organizaci\u00f3n, salvo que sea necesario para atender su solicitud<\/li><\/ul><p class=\"p1\"><b>Este Aviso de Privacidad le informa sobre su acceso y control sobre su informaci\u00f3n.<\/b><\/p><p class=\"p1\">Puede optar por no recibir futuras comunicaciones de IMPETUS MODULAR, LLC en cualquier momento a trav\u00e9s de la direcci\u00f3n de correo electr\u00f3nico, el tel\u00e9fono o el fax que se indican a continuaci\u00f3n. Tambi\u00e9n puede hacer lo siguiente en cualquier momento contactando con IMPETUS MODULAR, LLC a trav\u00e9s de la direcci\u00f3n de correo electr\u00f3nico, el tel\u00e9fono o el fax que se indican a continuaci\u00f3n<\/p><ul class=\"ul1\"><li class=\"li1\">Ver qu\u00e9 datos tenemos sobre usted, si los hay<\/li><li class=\"li1\">Modificar o corregir cualquier dato que tengamos sobre usted<\/li><li class=\"li1\">Solicitar que eliminemos cualquier dato que tengamos sobre usted.<\/li><li class=\"li1\">Expresar cualquier inquietud que tenga sobre el uso que hacemos de sus datos.<\/li><\/ul><p class=\"p1\">Tel\u00e9fono 951.480.4000<span class=\"Apple-converted-space\">\u00a0 \u00a0 <\/span>Email: info@impetus.homes<\/p><p class=\"p1\"><b>Este Aviso de Privacidad le informa sobre la seguridad de su informaci\u00f3n en l\u00ednea y fuera de l\u00ednea<\/b><\/p><p class=\"p1\">IMPETUS MODULAR, LLC toma precauciones para proteger su informaci\u00f3n.<\/p><p class=\"p1\">Cuando env\u00eda informaci\u00f3n confidencial a trav\u00e9s de impetus.homes, su informaci\u00f3n est\u00e1 protegida tanto en l\u00ednea como fuera de l\u00ednea.<\/p><p class=\"p1\">Siempre que IMPETUS MODULAR, LLC recopila informaci\u00f3n confidencial, esta se cifra y se nos transmite de forma segura. Puede verificarlo buscando el icono de un candado en la barra de direcciones y buscando \"https\" al principio de la direcci\u00f3n web de todas las p\u00e1ginas de impetus.homes<span class=\"Apple-converted-space\">\u00a0 <\/span>web pages.<\/p><p class=\"p1\">Si bien IMPETUS MODULAR, LLC utiliza cifrado para proteger la informaci\u00f3n confidencial transmitida en l\u00ednea, tambi\u00e9n protegemos su informaci\u00f3n fuera de l\u00ednea. Solo los empleados autorizados que necesitan la informaci\u00f3n para realizar un trabajo espec\u00edfico tienen acceso a la informaci\u00f3n personal identificable<\/p><p class=\"p1\">A menos que solicite a IMPETUS MODULAR, LLC que no lo haga, podremos contactarle por correo electr\u00f3nico, mensaje de texto o tel\u00e9fono utilizando la informaci\u00f3n que nos env\u00ede a trav\u00e9s de impetus.homes, incluso si est\u00e1 inscrito en la \"Lista Federal de No Llamar\" en el futuro, para informarle sobre Bienes Ra\u00edces del Sur de California y\/o servicios relacionados, o sobre cambios en nuestras Pol\u00edticas de Privacidad. Si alguna o toda la informaci\u00f3n personal enviada a IMPETUS MODULAR, LLC es err\u00f3nea o no fue proporcionada por personas o entidades distintas a los destinatarios previstos, por favor, p\u00f3ngase en contacto con IMPETUS MODULAR, LLC a trav\u00e9s de la direcci\u00f3n de correo electr\u00f3nico y los n\u00fameros de tel\u00e9fono que se indican a continuaci\u00f3n para corregirla, eliminarla o eliminarla<\/p><p class=\"p1\">Tel\u00e9fono 951.480.4000<span class=\"Apple-converted-space\">\u00a0 \u00a0 <\/span>Email: info@impetus.homes\u00a0<\/p>\t\t\t\t\t\t\t\t<\/div>\n\t\t\t\t<\/div>\n\t\t\t\t\t<\/div>\n\t\t\t\t<\/div>\n\t\t\t\t<\/div>","protected":false},"excerpt":{"rendered":"<p>We Care About You From Policies to Product PRIVACY POLICY CALIFORNIA CONSUMER PRIVACY ACT (CCPA) IMPETUS MODULAR, LLC PRIVACY POLICY NOTICE January 1, 2025 This Privacy Notice Discloses The Privacy Practices For impetus.homes This Privacy Notice Applies Solely To Information Collected By impetus.homes This Privacy Notice Informs You of Your Information Collection What personally identifiable [&hellip;]<\/p>","protected":false},"author":1,"featured_media":0,"parent":0,"menu_order":0,"comment_status":"closed","ping_status":"closed","template":"elementor_header_footer","meta":{"footnotes":""},"class_list":["post-297","page","type-page","status-publish","hentry"],"_links":{"self":[{"href":"https:\/\/impetus.homes\/es\/wp-json\/wp\/v2\/pages\/297","targetHints":{"allow":["GET"]}}],"collection":[{"href":"https:\/\/impetus.homes\/es\/wp-json\/wp\/v2\/pages"}],"about":[{"href":"https:\/\/impetus.homes\/es\/wp-json\/wp\/v2\/types\/page"}],"author":[{"embeddable":true,"href":"https:\/\/impetus.homes\/es\/wp-json\/wp\/v2\/users\/1"}],"replies":[{"embeddable":true,"href":"https:\/\/impetus.homes\/es\/wp-json\/wp\/v2\/comments?post=297"}],"version-history":[{"count":16,"href":"https:\/\/impetus.homes\/es\/wp-json\/wp\/v2\/pages\/297\/revisions"}],"predecessor-version":[{"id":1257,"href":"https:\/\/impetus.homes\/es\/wp-json\/wp\/v2\/pages\/297\/revisions\/1257"}],"wp:attachment":[{"href":"https:\/\/impetus.homes\/es\/wp-json\/wp\/v2\/media?parent=297"}],"curies":[{"name":"wp","href":"https:\/\/api.w.org\/{rel}","templated":true}]}}